{"id":120,"date":"2025-06-04T16:46:48","date_gmt":"2025-06-04T14:46:48","guid":{"rendered":"https:\/\/abela-candles.com\/index.php\/accueil-2\/"},"modified":"2026-02-05T20:52:19","modified_gmt":"2026-02-05T19:52:19","slug":"accueil-2","status":"publish","type":"page","link":"https:\/\/abela-candles.com\/","title":{"rendered":"Abela-Candles"},"content":{"rendered":"\n    \n    <section class=\"u-clearfix u-custom-color-1 u-valign-middle-lg u-valign-middle-sm u-section-2\" id=\"sec-df21\">\n      <div class=\"u-clearfix u-sheet u-valign-middle-xl u-valign-middle-xs u-sheet-1\">\n        <p class=\"u-align-center u-large-text u-text u-text-variant u-text-1\"> Une marque de bougies artisanales qui invite \u00e0 ralentir et \u00e0 vivre pleine\u200bment\nl\u2019instant pr\u00e9sent.<\/p>\n        <img decoding=\"async\" class=\"u-image u-image-contain u-image-default u-image-1\" src=\"https:\/\/abela-candles.com\/wp-content\/uploads\/2025\/06\/image.png\" alt=\"\" data-image-width=\"1025\" data-image-height=\"551\">\n        <div class=\"data-layout-selected u-clearfix u-expanded-width-xs u-gutter-8 u-layout-wrap u-layout-wrap-1\">\n          <div class=\"u-layout\">\n            <div class=\"u-layout-row\">\n              <div class=\"u-size-60\">\n                <div class=\"u-layout-col\">\n                  <div class=\"u-container-style u-image u-layout-cell u-left-cell u-size-60 u-image-2\" data-image-width=\"1080\" data-image-height=\"1080\" style=\"background-image: url(&quot;https:\/\/abela-candles.com\/wp-content\/uploads\/2026\/01\/CreamandBlackModernNewDropInstagramPost.png&quot;);\">\n                    <div class=\"u-container-layout u-container-layout-1\"><\/div>\n                  <\/div>\n                <\/div>\n              <\/div>\n            <\/div>\n          <\/div>\n        <\/div>\n        <img decoding=\"async\" class=\"u-expanded-width-xs u-image u-image-contain u-image-default u-image-3\" src=\"https:\/\/abela-candles.com\/wp-content\/uploads\/2025\/06\/image-1.png\" alt=\"\" data-image-width=\"916\" data-image-height=\"261\">\n      <\/div>\n    <\/section>\n    <section class=\"u-clearfix u-custom-color-1 u-section-3\" id=\"sec-deba\">\n      <div class=\"u-clearfix u-sheet u-valign-middle-lg u-valign-middle-sm u-sheet-1\">\n        <div class=\"data-layout-selected u-clearfix u-expanded-width u-gutter-30 u-layout-wrap u-layout-wrap-1\">\n          <div class=\"u-gutter-0 u-layout\">\n            <div class=\"u-layout-row\">\n              <div class=\"u-size-30\">\n                <div class=\"u-layout-col\">\n                  <div class=\"u-align-left u-container-align-left-lg u-container-align-left-md u-container-align-left-sm u-container-align-left-xl u-container-style u-layout-cell u-left-cell u-size-30 u-layout-cell-1\">\n                    <div class=\"u-container-layout\">\n                      <img decoding=\"async\" src=\"https:\/\/abela-candles.com\/wp-content\/uploads\/2025\/06\/InteriorDesignIdeastoThaiStyleHomeWabiSabi_21-1.jpg\" alt=\"\" class=\"u-align-left u-expanded-height-lg u-expanded-height-md u-expanded-height-sm u-expanded-height-xl u-image u-image-1\">\n                    <\/div>\n                  <\/div>\n                  <div class=\"u-align-left u-container-align-left u-container-align-left-lg u-container-align-left-md u-container-align-left-sm u-container-align-left-xl u-container-style u-layout-cell u-left-cell u-size-30 u-layout-cell-2\">\n                    <div class=\"u-container-layout u-valign-top-md u-container-layout-2\">\n                      <p class=\"u-text u-text-1\"> C\u2019est ainsi qu\u2019elle commence \u00e0 cr\u00e9er ses propres bougies en cire de soja, une mati\u00e8re\nv\u00e9g\u00e9tale, douce, non toxique, et respectueuse de l\u2019air ambiant.\nMais au-del\u00e0 de la composition, elle voulait offrir des senteurs uniques, profondes,\ninspir\u00e9es de ses racines africaines et de ses voyages sensoriels, pour transformer chaque\nbougie en exp\u00e9rience immersive.\nPeu \u00e0 peu, l\u2019id\u00e9e s\u2019est impos\u00e9e : pourquoi ne pas proposer cette exp\u00e9rience aux autres ?\nPourquoi ne pas cr\u00e9er une marque o\u00f9 le parfum devient voyage, o\u00f9 la lumi\u00e8re devient\nbien-\u00eatre, et o\u00f9 chaque bougie raconte une histoire ? <\/p>\n                    <\/div>\n                  <\/div>\n                <\/div>\n              <\/div>\n              <div class=\"u-size-30\">\n                <div class=\"u-layout-row\">\n                  <div class=\"u-align-left u-container-align-left u-container-align-left-lg u-container-align-left-md u-container-align-left-sm u-container-align-left-xl u-container-style u-layout-cell u-right-cell u-size-60 u-layout-cell-3\">\n                    <div class=\"u-container-layout u-container-layout-3\">\n                      <div class=\"u-align-left u-custom-color-2 u-shape u-shape-1\"><\/div>\n                      <img decoding=\"async\" src=\"https:\/\/abela-candles.com\/wp-content\/uploads\/2025\/06\/0f9a91f61af2dac432841181deef820c-1.jpg\" alt=\"\" class=\"u-align-left u-image u-image-2\">\n                      <div class=\"u-container-style u-group u-group-1\">\n                        <div class=\"u-container-layout u-valign-middle-lg u-valign-middle-md u-valign-middle-sm u-container-layout-4\">\n                          <h3 class=\"u-align-center u-custom-font u-font-oswald u-text u-text-2\"> Histoire de ABELA<\/h3>\n                          <p class=\"u-text u-text-3\"> Abela est n\u00e9e d\u2019un besoin personnel : celui de vivre dans un espace sain, apaisant et\nsensoriellement riche<br>&nbsp;\u200b\nSa fondatrice, passionn\u00e9e de d\u00e9coration et attentive \u00e0 son bien-\u00eatre, a tr\u00e8s t\u00f4t cherch\u00e9\ndes bougies capables de parfumer d\u00e9licatement son int\u00e9rieur sans nuire \u00e0 sa sant\u00e9. Elle\nd\u00e9couvre alors que la plupart des bougies classiques sont faites de cire de \u200b\nparaffine, issue\nde la p\u00e9trochimie, et souvent nocive pour l\u2019organisme. \n                          <\/p>\n                        <\/div>\n                      <\/div>\n                    <\/div>\n                  <\/div>\n                <\/div>\n              <\/div>\n            <\/div>\n          <\/div>\n        <\/div>\n      <\/div>\n    <\/section>\n    <section class=\"u-clearfix u-custom-color-1 u-valign-middle-xs u-section-4\" id=\"sec-1384\">\n      <div class=\"u-custom-color-2 u-expanded-height u-opacity u-opacity-75 u-shape u-shape-rectangle u-shape-1\"><\/div>\n      <div class=\"custom-expanded data-layout-selected u-clearfix u-expanded-width-sm u-gutter-0 u-layout-wrap u-layout-wrap-1\">\n        <div class=\"u-layout\">\n          <div class=\"u-layout-row\">\n            <div class=\"u-align-left u-container-align-left u-container-style u-image u-layout-cell u-left-cell u-size-15 u-size-30-md u-image-1\" src=\"\" data-image-width=\"359\" data-image-height=\"510\" style=\"background-image: url(&quot;https:\/\/abela-candles.com\/wp-content\/uploads\/2025\/06\/53A3F318-02A3-4DA1-8FF8-7F477E698AF0_4_5005_c-1.jpeg&quot;);\">\n              <div class=\"u-container-layout\" src=\"\"><\/div>\n            <\/div>\n            <div class=\"u-align-left u-container-align-left u-container-align-left-lg u-container-align-left-xl u-container-style u-layout-cell u-size-15 u-size-30-md u-white u-layout-cell-2\">\n              <div class=\"u-border-2 u-border-custom-color-2 u-border-no-left u-border-no-right u-container-layout u-valign-middle-lg u-valign-middle-sm u-container-layout-2\">\n                <h4 class=\"u-custom-font u-text u-text-1\"> Id\u00e9es de conceptio\u200bn<\/h4>\n                <p class=\"u-text u-text-2\">Nous cr\u00e9ons des bougies\npersonnalis\u00e9es pour vos mariages,\nanniversaires, bapt\u00eames, et toutes\nvos c\u00e9l\u00e9brations.\nLaissez-vous inspirer par nos\nid\u00e9es de conception et imaginez\nvos propres bougie&nbsp; <\/p>\n              <\/div>\n            <\/div>\n            <div class=\"u-align-left u-container-align-left u-container-style u-image u-layout-cell u-size-15 u-size-30-md u-image-2\" src=\"\" data-image-width=\"360\" data-image-height=\"368\" style=\"background-image: url(&quot;https:\/\/abela-candles.com\/wp-content\/uploads\/2025\/06\/D3AB316C-EA8F-4460-A2CB-70B23A4AC344_4_5005_c-1.jpeg&quot;);\">\n              <div class=\"u-container-layout\" src=\"\"><\/div>\n            <\/div>\n            <div class=\"u-align-left u-container-align-left u-container-align-left-lg u-container-align-left-xl u-container-style u-layout-cell u-right-cell u-size-15 u-size-30-md u-white u-layout-cell-4\">\n              <div class=\"u-container-layout u-valign-middle-lg u-valign-middle-sm u-container-layout-4\">\n                <p class=\"u-text u-text-3\"> D\u00e9couvrez quelques-unes de\nnos r\u00e9alisations et\ncommencez \u00e0 cr\u00e9er\nl\u2019ambiance parfaite pour\nvotre \u00e9v\u00e9nement. <\/p>\n              <\/div>\n            <\/div>\n          <\/div>\n        <\/div>\n      <\/div>\n    <\/section>\n    <section class=\"u-clearfix u-custom-color-1 u-section-5\" id=\"sec-13ce\">\n      <div class=\"u-clearfix u-sheet u-valign-middle u-sheet-1\">\n        <div class=\"u-container-style u-expanded-width-lg u-expanded-width-md u-expanded-width-sm u-group u-group-1\">\n          <div class=\"u-container-layout u-valign-middle-lg u-valign-middle-md u-valign-middle-sm u-container-layout-1\">\n            <h2 class=\"u-align-center u-text u-text-1\">D\u00e9couvrez la boutique !<\/h2>\n            <div class=\"u-align-left u-border-2 u-border-white u-line u-line-horizontal u-line-1\"><\/div>\n            <a href=\"https:\/\/abela-candles.com\/index.php\/produit\/\" class=\"u-active-custom-color-9 u-border-2 u-border-custom-color-9 u-btn u-button-style u-hover-custom-color-4 u-none u-btn-1\">Voir la boutique<\/a>\n          <\/div>\n        <\/div>\n      <\/div>\n    <\/section>\n    <section class=\"u-clearfix u-custom-color-1 u-section-6\" id=\"sec-9045\">\n      <div class=\"u-clearfix u-sheet u-valign-middle-lg u-valign-middle-sm u-sheet-1\">\n        <div class=\"u-custom-color-2 u-opacity u-opacity-75 u-shape u-shape-rectangle u-shape-1\"><\/div>\n        <img decoding=\"async\" class=\"u-image u-image-1\" src=\"https:\/\/abela-candles.com\/wp-content\/uploads\/2025\/06\/InteriorDesignIdeastoThaiStyleHomeWabiSabi_9-1.jpg\">\n        <img decoding=\"async\" class=\"u-image u-image-2\" src=\"https:\/\/abela-candles.com\/wp-content\/uploads\/2025\/06\/df1343a9fbce3638913c13c91258ea99-1.jpg\">\n        <div class=\"u-align-left-lg u-align-left-xl u-container-style u-expanded-width-xs u-group u-group-1\">\n          <div class=\"u-container-layout u-valign-top u-container-layout-1\">\n            <h2 class=\"u-text u-text-1\">ABELA,&nbsp; l\u2019art de sublimer vos instants <\/h2>\n            <p class=\"u-text u-text-2\"> Pens\u00e9es pour accompagner vos\nmoments de d\u00e9tente, de partage ou\nde r\u00e9flexion, les bougies Abela\ntransforment chaque instant\nordinaire en une exp\u00e9rience\nsensorielle unique. <\/p>\n          <\/div>\n        <\/div>\n        <div class=\"u-container-style u-group u-group-2\">\n          <div class=\"u-container-layout u-valign-middle-xs u-container-layout-2\">\n            <h1 class=\"u-custom-font u-font-montserrat u-text u-text-3\">Salon, chambre, douche Abela illumine&nbsp; et parfume tous\nvos int\u00e9rieurs <\/h1>\n          <\/div>\n        <\/div>\n      <\/div>\n    <\/section>\n    <section class=\"u-border-2 u-border-custom-color-4 u-clearfix u-custom-color-1 u-valign-middle-md u-section-7\" id=\"sec-4b8d\">\n      <div class=\"u-custom-color-2 u-hidden-xs u-opacity u-opacity-75 u-shape u-shape-rectangle u-shape-1\"><\/div>\n      <h3 class=\"u-text u-text-custom-color-9 u-text-1\">Une inspiration pour votre ev\u00e8nement ? <\/h3>\n      <div class=\"u-align-left-lg u-align-left-md u-align-left-xl u-align-left-xs u-custom-color-4 u-shape u-shape-rectangle u-shape-2\"><\/div>\n      <div class=\"u-custom-color-4 u-shape u-shape-rectangle u-shape-3\"><\/div>\n      <div class=\"data-layout-selected u-clearfix u-gutter-30 u-layout-wrap u-layout-wrap-1\">\n        <div class=\"u-gutter-0 u-layout\">\n          <div class=\"u-layout-row\">\n            <div class=\"u-container-style u-layout-cell u-left-cell u-size-30 u-white u-layout-cell-1\">\n              <div class=\"u-container-layout u-valign-top-lg u-valign-top-md u-valign-top-sm u-container-layout-1\">\n                <h3 class=\"u-align-center u-text u-text-2\">Formulaire de prise contact<\/h3>\n                <p class=\"u-align-left u-text u-text-3\">Remplissez le formulaire et nous vous recontacterons automatiquement . <\/p>\n                <a href=\"https:\/\/abela-candles.com\/index.php\/nous-contacter\/\" class=\"u-active-custom-color-9 u-border-2 u-border-custom-color-8 u-btn u-button-style u-hover-custom-color-8 u-none u-btn-1\">Nous contacter<\/a>\n              <\/div>\n            <\/div>\n            <div class=\"u-container-style u-layout-cell u-right-cell u-size-30 u-white u-layout-cell-2\">\n              <div class=\"u-border-4 u-border-custom-color-4 u-container-layout u-valign-top-lg u-valign-top-sm u-container-layout-2\">\n                <h3 class=\"u-align-center u-text u-text-4\">Prendre un rendez-vous<\/h3>\n                <p class=\"u-align-left u-text u-text-5\"> Votre \u00e9v\u00e9nement m\u00e9rite une attention\nunique.\nPrenez rendez-vous avec nous pour\ncr\u00e9er ensemble les bougies qui\nsublimeront votre moment. <br>\n                <\/p>\n                <a href=\"https:\/\/abela-candles.com\/index.php\/prendre-un-rendez-vous\/\" class=\"u-active-custom-color-9 u-border-2 u-border-custom-color-4 u-btn u-button-style u-custom-color-4 u-btn-2\"> Prendre contact<\/a>\n              <\/div>\n            <\/div>\n          <\/div>\n        <\/div>\n      <\/div>\n    <\/section>\n    \n    \n    \n    \n    \n    \n  \n","protected":false},"excerpt":{"rendered":"<p>Une marque de bougies artisanales qui invite \u00e0 ralentir et \u00e0 vivre pleine\u200bment l\u2019instant pr\u00e9sent. C\u2019est ainsi qu\u2019elle commence \u00e0 cr\u00e9er ses propres bougies en cire de soja, une mati\u00e8re v\u00e9g\u00e9tale, douce, non toxique, et respectueuse de l\u2019air ambiant. Mais au-del\u00e0 de la composition, elle voulait offrir des senteurs uniques, profondes, inspir\u00e9es de ses racines &hellip; <a href=\"https:\/\/abela-candles.com\/\" class=\"more-link\">Continue reading<span class=\"screen-reader-text\"> \u00ab\u00a0Abela-Candles\u00a0\u00bb<\/span><\/a><\/p>\n","protected":false},"author":1,"featured_media":0,"parent":0,"menu_order":1,"comment_status":"closed","ping_status":"closed","template":"","meta":{"footnotes":""},"class_list":["post-120","page","type-page","status-publish","hentry"],"_links":{"self":[{"href":"https:\/\/abela-candles.com\/index.php\/wp-json\/wp\/v2\/pages\/120","targetHints":{"allow":["GET"]}}],"collection":[{"href":"https:\/\/abela-candles.com\/index.php\/wp-json\/wp\/v2\/pages"}],"about":[{"href":"https:\/\/abela-candles.com\/index.php\/wp-json\/wp\/v2\/types\/page"}],"author":[{"embeddable":true,"href":"https:\/\/abela-candles.com\/index.php\/wp-json\/wp\/v2\/users\/1"}],"replies":[{"embeddable":true,"href":"https:\/\/abela-candles.com\/index.php\/wp-json\/wp\/v2\/comments?post=120"}],"version-history":[{"count":10,"href":"https:\/\/abela-candles.com\/index.php\/wp-json\/wp\/v2\/pages\/120\/revisions"}],"predecessor-version":[{"id":214,"href":"https:\/\/abela-candles.com\/index.php\/wp-json\/wp\/v2\/pages\/120\/revisions\/214"}],"wp:attachment":[{"href":"https:\/\/abela-candles.com\/index.php\/wp-json\/wp\/v2\/media?parent=120"}],"curies":[{"name":"wp","href":"https:\/\/api.w.org\/{rel}","templated":true}]}}