{"id":121,"date":"2025-06-04T16:46:49","date_gmt":"2025-06-04T14:46:49","guid":{"rendered":"https:\/\/abela-candles.com\/index.php\/nous-contacter\/"},"modified":"2025-06-09T12:51:30","modified_gmt":"2025-06-09T10:51:30","slug":"nous-contacter","status":"publish","type":"page","link":"https:\/\/abela-candles.com\/index.php\/nous-contacter\/","title":{"rendered":"Nous contacter"},"content":{"rendered":"\n    \n    <section class=\"u-clearfix u-custom-color-2 u-valign-middle-md u-valign-middle-sm u-section-2\" id=\"carousel_94a4\">\n      <div class=\"u-clearfix u-sheet u-sheet-1\">\n        <div class=\"u-custom-color-3 u-shape u-shape-rectangle u-shape-1\" data-animation-name=\"customAnimationIn\" data-animation-duration=\"1500\" data-animation-delay=\"750\"><\/div>\n        <img decoding=\"async\" class=\"u-image u-image-default u-image-1\" data-image-width=\"1200\" data-image-height=\"900\" src=\"https:\/\/abela-candles.com\/wp-content\/uploads\/2025\/06\/46645-1.jpg\" data-animation-name=\"flipIn\" data-animation-duration=\"1250\" data-animation-direction=\"X\" data-animation-delay=\"750\">\n        <div class=\"custom-expanded u-align-left u-container-align-left u-container-style u-custom-color-3 u-group u-group-1\" data-animation-name=\"customAnimationIn\" data-animation-duration=\"1500\" data-animation-delay=\"500\">\n          <div class=\"u-container-layout u-valign-middle-lg u-valign-middle-md u-valign-middle-sm u-valign-top-xs u-container-layout-1\">\n            <h1 class=\"u-align-left u-heading-font u-text u-text-1\"> Un objet qui\nembellit votre\nint\u00e9rieur avec\n\u00e9l\u00e9gance.&nbsp;<\/h1>\n            <p class=\"u-align-left u-text u-text-default u-text-2\">\n              <br>\n            <\/p>\n          <\/div>\n        <\/div>\n      <\/div>\n    <\/section>\n    <section class=\"u-align-center u-clearfix u-container-align-center u-section-3\" id=\"sec-18f6\">\n      <div class=\"u-clearfix u-sheet u-valign-middle-lg u-valign-middle-md u-valign-middle-sm u-valign-middle-xl u-sheet-1\">\n        <div class=\"data-layout-selected u-clearfix u-expanded-width u-layout-wrap u-layout-wrap-1\">\n          <div class=\"u-layout\">\n            <div class=\"u-layout-row\">\n              <div class=\"u-container-align-center-sm u-container-align-center-xs u-container-align-left-lg u-container-align-left-md u-container-align-left-xl u-container-style u-layout-cell u-left-cell u-size-30 u-layout-cell-1\" data-animation-name=\"customAnimationIn\" data-animation-duration=\"1500\" data-animation-delay=\"500\">\n                <div class=\"u-container-layout u-valign-bottom-lg u-valign-middle-xl u-valign-top-sm u-container-layout-1\">\n                  <h2 class=\"u-align-center-sm u-align-center-xs u-align-left-lg u-align-left-md u-align-left-xl u-text u-text-1\"> Discutez de votre projet<\/h2>\n                <\/div>\n              <\/div>\n              <div class=\"u-align-left u-container-align-left u-container-style u-layout-cell u-right-cell u-size-30 u-layout-cell-2\" data-animation-name=\"customAnimationIn\" data-animation-duration=\"1750\" data-animation-delay=\"750\">\n                <div class=\"u-container-layout u-valign-top-lg u-valign-top-md u-valign-top-sm u-valign-top-xs u-container-layout-2\">\n                  <p class=\"u-large-text u-text u-text-variant u-text-2\"> Votre \u00e9v\u00e9nement m\u00e9rite une attention unique.\nPrenez rendez-vous avec nous pour cr\u00e9er\nensemble les bougies qui sublimeront votre\nmoment. <\/p>\n                  <a href=\"https:\/\/abela-candles.com\/index.php\/prendre-un-rendez-vous\/\" class=\"u-active-custom-color-8 u-align-center-sm u-align-center-xs u-align-right-lg u-align-right-md u-align-right-xl u-border-1 u-border-active-black u-border-custom-color-8 u-border-hover-black u-btn u-button-style u-hover-custom-color-4 u-none u-text-active-black u-text-hover-black u-btn-1\" data-animation-name=\"customAnimationIn\" data-animation-duration=\"1250\" data-animation-delay=\"500\">Prendre rendez-vous&nbsp;<\/a>\n                <\/div>\n              <\/div>\n            <\/div>\n          <\/div>\n        <\/div>\n      <\/div>\n    <\/section>\n    <section class=\"u-align-center u-clearfix u-container-align-center u-container-align-center-lg u-container-align-center-md u-container-align-center-sm u-container-align-center-xl u-image u-section-4\" id=\"sec-b682\" data-animation-name=\"\" data-animation-duration=\"0\" data-animation-delay=\"0\" data-animation-direction=\"\" style=\"background-image: url(&quot;https:\/\/abela-candles.com\/wp-content\/uploads\/2025\/06\/girl-student-standing-with-colorful-folders-min-1.jpg&quot;);\">\n      <div class=\"u-clearfix u-sheet u-valign-middle-md u-sheet-1\">\n        <div class=\"data-layout-selected u-clearfix u-expanded-width u-gutter-30 u-layout-wrap u-layout-wrap-1\">\n          <div class=\"u-layout\">\n            <div class=\"u-layout-row\">\n              <div class=\"u-align-left-lg u-align-left-md u-align-left-sm u-align-left-xl u-container-style u-layout-cell u-opacity u-opacity-85 u-size-27 u-white u-layout-cell-1\" data-animation-name=\"customAnimationIn\" data-animation-duration=\"1500\" data-animation-delay=\"750\">\n                <div class=\"u-container-layout u-container-layout-1\">\n                  <h4 class=\"u-align-center u-text u-text-1\">Id\u00e9es de Cadeaux de mariage ou d'anniversaire&nbsp; <\/h4>\n                  <p class=\"u-align-left u-text u-text-2\">C\u2019est offrir un moment de douceur, un parfum de\nsouvenirs et une attention qui touche le c\u0153ur, pour\nun \u00e9v\u00e9nement ou simplement pour faire plaisir. <\/p>\n                <\/div>\n              <\/div>\n              <div class=\"u-container-align-center-lg u-container-align-center-xl u-container-style u-layout-cell u-opacity u-opacity-85 u-size-33 u-white u-layout-cell-2\" data-animation-name=\"customAnimationIn\" data-animation-duration=\"1500\" data-animation-delay=\"250\">\n                <div class=\"u-container-layout u-valign-middle-lg u-valign-middle-sm u-valign-middle-xl u-container-layout-2\">\n                  <div class=\"custom-expanded u-expanded-width-md u-expanded-width-sm u-list u-list-1\">\n                    <div class=\"u-repeater u-repeater-1\">\n                      <div class=\"u-align-left u-container-align-center-lg u-container-align-center-md u-container-align-center-sm u-container-align-left-lg u-container-align-left-md u-container-align-left-sm u-container-align-left-xl u-container-style u-list-item u-repeater-item u-shape-rectangle u-list-item-1\">\n                        <div class=\"u-container-layout u-similar-container u-valign-top-lg u-valign-top-md u-valign-top-sm u-valign-top-xl u-container-layout-3\"><span class=\"u-align-center u-custom-item u-file-icon u-icon u-text-grey-40 u-icon-1\"><img decoding=\"async\" src=\"https:\/\/abela-candles.com\/wp-content\/uploads\/2025\/06\/ba3acddd-1.png\" alt=\"\"><\/span>\n                          <h5 class=\"u-align-center u-text u-text-default u-text-3\">Prendre un rendez-vous <\/h5>\n                          <p class=\"u-align-center u-text u-text-default u-text-4\"> Prenez rendez-vous sur le site de Abela<\/p>\n                        <\/div>\n                      <\/div>\n                      <div class=\"u-align-left u-container-align-center-lg u-container-align-center-md u-container-align-center-sm u-container-align-left-lg u-container-align-left-md u-container-align-left-sm u-container-align-left-xl u-container-style u-list-item u-repeater-item u-shape-rectangle u-list-item-2\">\n                        <div class=\"u-container-layout u-similar-container u-valign-top-lg u-valign-top-md u-valign-top-sm u-valign-top-xl u-container-layout-4\"><span class=\"u-align-center u-custom-item u-file-icon u-icon u-text-grey-40 u-icon-2\"><img decoding=\"async\" src=\"https:\/\/abela-candles.com\/wp-content\/uploads\/2025\/06\/0eeb2cb4-1.png\" alt=\"\"><\/span>\n                          <h5 class=\"u-align-center u-text u-text-default u-text-5\">Devis fait sur mesure<\/h5>\n                          <p class=\"u-align-center u-text u-text-default u-text-6\"> Apr\u00e8s le rendez-vous un devis vous sera adress\u00e9<\/p>\n                        <\/div>\n                      <\/div>\n                      <div class=\"u-align-left u-container-align-center-lg u-container-align-center-md u-container-align-center-sm u-container-align-left-lg u-container-align-left-md u-container-align-left-sm u-container-align-left-xl u-container-style u-list-item u-repeater-item u-shape-rectangle u-list-item-3\">\n                        <div class=\"u-container-layout u-similar-container u-valign-top-lg u-valign-top-md u-valign-top-sm u-valign-top-xl u-container-layout-5\"><span class=\"u-align-center u-custom-item u-file-icon u-icon u-text-grey-40 u-icon-3\"><img decoding=\"async\" src=\"https:\/\/abela-candles.com\/wp-content\/uploads\/2025\/06\/d3c1abaa-1.png\" alt=\"\"><\/span>\n                          <h5 class=\"u-align-center u-text u-text-default u-text-7\">Conception de votre collection&nbsp;<\/h5>\n                          <p class=\"u-align-center u-text u-text-default u-text-8\"> Une fois le devis valid\u00e9, la conception de votre id\u00e9e commence.<\/p>\n                        <\/div>\n                      <\/div>\n                      <div class=\"u-align-left u-container-align-center-lg u-container-align-center-md u-container-align-center-sm u-container-align-left-lg u-container-align-left-md u-container-align-left-sm u-container-align-left-xl u-container-style u-list-item u-repeater-item u-shape-rectangle u-list-item-4\">\n                        <div class=\"u-container-layout u-similar-container u-valign-top-lg u-valign-top-md u-valign-top-sm u-valign-top-xl u-container-layout-6\"><span class=\"u-align-center u-custom-item u-file-icon u-icon u-text-grey-40 u-icon-4\"><img decoding=\"async\" src=\"https:\/\/abela-candles.com\/wp-content\/uploads\/2025\/06\/927e3fa8-1.png\" alt=\"\"><\/span>\n                          <h5 class=\"u-align-center u-text u-text-default u-text-9\">Livraison&nbsp;<\/h5>\n                          <p class=\"u-align-center u-text u-text-default u-text-10\"> Une fois la conception termin\u00e9e, la livraison se fait par la voie choisi&nbsp; au pr\u00e9alable<\/p>\n                        <\/div>\n                      <\/div>\n                    <\/div>\n                  <\/div>\n                <\/div>\n              <\/div>\n            <\/div>\n          <\/div>\n        <\/div>\n      <\/div>\n    <\/section>\n    <section class=\"u-align-center u-clearfix u-container-align-center u-image u-shading u-section-5\" id=\"sec-4e7a\" style=\"background-image: linear-gradient(0deg, rgba(0, 0, 0, 0.5), rgba(0, 0, 0, 0.5)), url(&quot;https:\/\/abela-candles.com\/wp-content\/uploads\/2025\/06\/dfg-min-1.jpg&quot;);\">\n      <div class=\"u-clearfix u-sheet u-valign-middle-lg u-valign-middle-md u-valign-middle-sm u-sheet-1\">\n        <div class=\"u-container-style u-expanded-width-xs u-group u-white u-group-1\">\n          <div class=\"u-container-layout u-valign-middle-lg u-valign-middle-md u-valign-middle-sm u-container-layout-1\">\n            <h2 class=\"u-align-center u-heading-font u-text u-text-custom-color-9 u-text-1\">Contacter Abela&nbsp;<\/h2>\n            <div class=\"custom-expanded u-expanded-width-sm u-form u-form-1\">\n              <form action=\"https:\/\/forms.nicepagesrv.com\/v2\/form\/process\" class=\"u-clearfix u-form-spacing-13 u-form-vertical u-inner-form\" style=\"padding: 0;\" source=\"email\" name=\"ABELA Conatct\">\n                <div class=\"u-form-group u-form-name u-form-partition-factor-2\">\n                  <label for=\"name-f18c\" class=\"u-label\">Nom et Pr\u00e9nom<\/label>\n                  <input type=\"text\" placeholder=\"Entrer votre nom et votre pr\u00e9nom\" id=\"name-f18c\" name=\"name\" class=\"u-grey-5 u-input u-input-rectangle u-input-1\" required=\"\">\n                <\/div>\n                <div class=\"u-form-email u-form-group u-form-partition-factor-2 u-form-group-2\">\n                  <label for=\"email-f58d\" class=\"u-label\">Courriel<\/label>\n                  <input type=\"email\" placeholder=\"Saisir une adresse mail valide\" id=\"email-f58d\" name=\"email\" class=\"u-grey-5 u-input u-input-rectangle u-input-2\" required=\"\">\n                <\/div>\n                <div class=\"u-form-group u-form-phone u-form-group-3\">\n                  <label for=\"phone-3ade\" class=\"u-label\">T\u00e9l\u00e9phone<\/label>\n                  <input type=\"tel\" placeholder=\"06 12 34 56 78\" id=\"phone-3ade\" name=\"phone\" class=\"u-grey-5 u-input u-input-rectangle u-input-3\" required=\"\" data-country-code=\"fr\">\n                <\/div>\n                <div class=\"u-form-group\">\n                  <label for=\"email-f18c\" class=\"u-label\">Pour quel type d'\u00e9v\u00e8nement souhaitez-vous commander des bougies ?<\/label>\n                  <input type=\"text\" id=\"email-f18c\" name=\"typeEvenement\" class=\"u-grey-5 u-input u-input-rectangle u-input-4\" required=\"required\">\n                <\/div>\n                <div class=\"u-form-group u-form-number u-form-number-layout-range-number u-form-partition-factor-2 u-form-group-5\">\n                  <label for=\"range-60e6\" class=\"u-label\">Combien de bougie aimeriez vous?<\/label>\n                  <div class=\"u-input-row\" data-value=\"10\">\n                    <input value=\"10\" min=\"10\" max=\"100\" step=\"1\" type=\"range\" placeholder=\"\" id=\"range-60e6\" name=\"Nombre de bougie souhait\u00e9\" class=\"u-input u-range\">\n                    <input type=\"number\" placeholder=\"\" id=\"number-range-60e6\" class=\"u-grey-5 u-input u-input-rectangle u-text-black u-input-6\" min=\"10\" max=\"100\" step=\"1\" value=\"10\" name=\"Nombre de bougie souhait\u00e9\">\n                  <\/div>\n                <\/div>\n                <div class=\"u-form-date u-form-group u-form-partition-factor-2 u-form-group-6\">\n                  <label for=\"date-33f9\" class=\"u-label\">A quel date avez vous besoin de recevoir les bougies?<\/label>\n                  <input type=\"text\" placeholder=\"\" id=\"date-33f9\" name=\"date\" class=\"u-grey-5 u-input u-input-rectangle u-input-7\" required=\"\" data-date-format=\"mm\/dd\/yyyy\">\n                <\/div>\n                <div class=\"u-align-center u-form-group u-form-submit\">\n                  <a href=\"#\" class=\"u-active-custom-color-4 u-border-2 u-border-custom-color-8 u-btn u-btn-submit u-button-style u-hover-custom-color-2 u-none u-btn-1\">Soumettre<\/a>\n                  <input type=\"submit\" value=\"submit\" class=\"u-form-control-hidden\">\n                <\/div>\n                <div class=\"u-form-send-message u-form-send-success\">Merci ! Votre message a \u00e9t\u00e9 envoy\u00e9.<\/div>\n                <div class=\"u-form-send-error u-form-send-message\">Impossible d'envoyer votre message. Merci de corriger les erreurs et r\u00e9essayer.<\/div>\n                <input type=\"hidden\" value=\"\" name=\"recaptchaResponse\">\n                <input type=\"hidden\" name=\"formServices\" value=\"d6fbf82a-5331-72c6-5746-9b8e0e074726;e08f947c-ef24-479b-9773-5c42bad2083c\">\n                <input type=\"hidden\" name=\"siteKey\" value=\"6Lel2FcrAAAAAH2Of27gRr2VjtCHj8xCFebDi_ZM\">\n              <\/form>\n            <\/div>\n          <\/div>\n        <\/div>\n      <\/div>\n    <\/section>\n    \n    \n    \n    \n    \n    \n  \n","protected":false},"excerpt":{"rendered":"<p>Un objet qui embellit votre int\u00e9rieur avec \u00e9l\u00e9gance.&nbsp; Discutez de votre projet Votre \u00e9v\u00e9nement m\u00e9rite une attention unique. Prenez rendez-vous avec nous pour cr\u00e9er ensemble les bougies qui sublimeront votre moment. Prendre rendez-vous&nbsp; Id\u00e9es de Cadeaux de mariage ou d&rsquo;anniversaire&nbsp; C\u2019est offrir un moment de douceur, un parfum de souvenirs et une attention qui touche &hellip; <a href=\"https:\/\/abela-candles.com\/index.php\/nous-contacter\/\" class=\"more-link\">Continue reading<span class=\"screen-reader-text\"> \u00ab\u00a0Nous contacter\u00a0\u00bb<\/span><\/a><\/p>\n","protected":false},"author":1,"featured_media":0,"parent":0,"menu_order":2,"comment_status":"closed","ping_status":"closed","template":"","meta":{"footnotes":""},"class_list":["post-121","page","type-page","status-publish","hentry"],"_links":{"self":[{"href":"https:\/\/abela-candles.com\/index.php\/wp-json\/wp\/v2\/pages\/121","targetHints":{"allow":["GET"]}}],"collection":[{"href":"https:\/\/abela-candles.com\/index.php\/wp-json\/wp\/v2\/pages"}],"about":[{"href":"https:\/\/abela-candles.com\/index.php\/wp-json\/wp\/v2\/types\/page"}],"author":[{"embeddable":true,"href":"https:\/\/abela-candles.com\/index.php\/wp-json\/wp\/v2\/users\/1"}],"replies":[{"embeddable":true,"href":"https:\/\/abela-candles.com\/index.php\/wp-json\/wp\/v2\/comments?post=121"}],"version-history":[{"count":2,"href":"https:\/\/abela-candles.com\/index.php\/wp-json\/wp\/v2\/pages\/121\/revisions"}],"predecessor-version":[{"id":177,"href":"https:\/\/abela-candles.com\/index.php\/wp-json\/wp\/v2\/pages\/121\/revisions\/177"}],"wp:attachment":[{"href":"https:\/\/abela-candles.com\/index.php\/wp-json\/wp\/v2\/media?parent=121"}],"curies":[{"name":"wp","href":"https:\/\/api.w.org\/{rel}","templated":true}]}}