{"id":123,"date":"2025-06-04T16:46:51","date_gmt":"2025-06-04T14:46:51","guid":{"rendered":"https:\/\/abela-candles.com\/index.php\/galerie\/"},"modified":"2025-06-09T12:12:33","modified_gmt":"2025-06-09T10:12:33","slug":"galerie","status":"publish","type":"page","link":"https:\/\/abela-candles.com\/index.php\/galerie\/","title":{"rendered":"Galerie"},"content":{"rendered":"\n    \n    <section class=\"u-clearfix u-custom-color-2 u-section-2\" id=\"carousel_8d06\">\n      <div class=\"u-shape u-shape-rectangle u-white u-shape-1\" data-animation-name=\"customAnimationIn\" data-animation-duration=\"1500\" data-animation-delay=\"750\"><\/div>\n      <div class=\"u-expanded-width u-shape u-shape-rectangle u-white u-shape-2\" data-animation-name=\"customAnimationIn\" data-animation-duration=\"1500\"><\/div>\n      <img decoding=\"async\" class=\"u-image u-image-default u-image-1\" data-image-width=\"1380\" data-image-height=\"934\" src=\"https:\/\/abela-candles.com\/wp-content\/uploads\/2025\/06\/view-modern-entryway-with-interi-1.jpg\" data-animation-name=\"flipIn\" data-animation-duration=\"1750\" data-animation-delay=\"500\" data-animation-direction=\"X\">\n      <img decoding=\"async\" class=\"u-image u-image-2\" src=\"https:\/\/abela-candles.com\/wp-content\/uploads\/2025\/06\/minimalist-modern-vases-books-ar-1.jpg\" data-image-width=\"740\" data-image-height=\"1110\" data-animation-name=\"customAnimationIn\" data-animation-duration=\"1500\" data-animation-delay=\"500\">\n      <div class=\"u-align-left u-container-align-left u-container-style u-group u-white u-group-1\" data-animation-name=\"customAnimationIn\" data-animation-duration=\"1500\" data-animation-delay=\"750\">\n        <div class=\"u-container-layout u-valign-middle-lg u-valign-middle-sm u-container-layout-1\">\n          <h4 class=\"u-align-left u-custom-font u-heading-font u-text u-text-default u-text-1\"> La galerie<\/h4>\n          <img decoding=\"async\" class=\"u-image u-image-contain u-image-default u-image-3\" src=\"https:\/\/abela-candles.com\/wp-content\/uploads\/2025\/06\/ABELLA-3.png\" alt=\"\" data-image-width=\"300\" data-image-height=\"150\">\n          <p class=\"u-align-left u-text u-text-2\">Images Inspirantes de nos r\u00e9alisations.<\/p>\n        <\/div>\n      <\/div>\n    <\/section>\n    <section class=\"u-align-center u-clearfix u-container-align-center u-section-3\" id=\"carousel_de28\">\n      <div class=\"u-custom-color-2 u-expanded-width u-shape u-shape-rectangle u-shape-1\" data-animation-name=\"customAnimationIn\" data-animation-duration=\"1500\"><\/div>\n      <div class=\"custom-expanded data-layout-selected u-clearfix u-gutter-30 u-layout-wrap u-layout-wrap-1\">\n        <div class=\"u-layout\">\n          <div class=\"u-layout-row\">\n            <div class=\"u-size-30 u-size-60-md\">\n              <div class=\"u-layout-col\">\n                <div class=\"u-size-40\">\n                  <div class=\"u-layout-row\">\n                    <div class=\"u-align-left u-container-align-left u-container-style u-image u-image-default u-layout-cell u-left-cell u-size-60 u-image-1\" data-image-width=\"2048\" data-image-height=\"1536\" data-animation-name=\"customAnimationIn\" data-animation-duration=\"1500\" data-animation-delay=\"1000\" style=\"background-image: url(&quot;https:\/\/abela-candles.com\/wp-content\/uploads\/2025\/06\/1100827-3.jpg&quot;);\">\n                      <div class=\"u-container-layout u-container-layout-1\" src=\"\"><\/div>\n                    <\/div>\n                  <\/div>\n                <\/div>\n                <div class=\"u-size-20\">\n                  <div class=\"u-layout-row\">\n                    <div class=\"u-align-left u-container-align-left u-container-style u-hidden-sm u-hidden-xs u-layout-cell u-left-cell u-size-30 u-layout-cell-2\">\n                      <div class=\"u-container-layout u-container-layout-2\"><\/div>\n                    <\/div>\n                    <div class=\"u-align-left u-container-align-left u-container-style u-image u-image-default u-layout-cell u-size-30 u-image-2\" data-image-width=\"2048\" data-image-height=\"1536\" data-animation-name=\"customAnimationIn\" data-animation-duration=\"1500\" data-animation-delay=\"750\" style=\"background-image: url(&quot;https:\/\/abela-candles.com\/wp-content\/uploads\/2025\/06\/1100849-3.jpg&quot;);\">\n                      <div class=\"u-container-layout u-container-layout-3\" src=\"\"><\/div>\n                    <\/div>\n                  <\/div>\n                <\/div>\n              <\/div>\n            <\/div>\n            <div class=\"u-size-30 u-size-60-md\">\n              <div class=\"u-layout-col\">\n                <div class=\"u-size-20\">\n                  <div class=\"u-layout-row\">\n                    <div class=\"u-align-left u-container-align-left u-container-style u-image u-image-default u-layout-cell u-size-30 u-image-3\" data-image-width=\"2048\" data-image-height=\"1536\" data-animation-name=\"customAnimationIn\" data-animation-duration=\"1500\" data-animation-delay=\"250\" style=\"background-image: url(&quot;https:\/\/abela-candles.com\/wp-content\/uploads\/2025\/06\/1100795-3.jpg&quot;);\">\n                      <div class=\"u-container-layout u-container-layout-4\" src=\"\"><\/div>\n                    <\/div>\n                    <div class=\"u-align-left u-container-align-left u-container-style u-hidden-sm u-hidden-xs u-layout-cell u-right-cell u-size-30 u-layout-cell-5\">\n                      <div class=\"u-container-layout u-container-layout-5\"><\/div>\n                    <\/div>\n                  <\/div>\n                <\/div>\n                <div class=\"u-size-40\">\n                  <div class=\"u-layout-row\">\n                    <div class=\"u-align-left u-container-align-left u-container-style u-layout-cell u-radius-30 u-right-cell u-shape-round u-size-60 u-white u-layout-cell-6\" data-animation-name=\"customAnimationIn\" data-animation-duration=\"1500\" data-animation-delay=\"750\">\n                      <div class=\"u-container-layout u-valign-middle-lg u-valign-middle-sm u-container-layout-6\">\n                        <img decoding=\"async\" class=\"u-image u-image-contain u-image-default u-image-4\" src=\"https:\/\/abela-candles.com\/wp-content\/uploads\/2025\/06\/ABELLA-3.png\" alt=\"\" data-image-width=\"300\" data-image-height=\"150\">\n                        <a href=\"https:\/\/abela-candles.com\/index.php\/prendre-un-rendez-vous\/\" class=\"u-active-custom-color-10 u-align-left u-border-1 u-border-active-black u-border-black u-border-hover-black u-btn u-button-style u-hover-custom-color-10 u-none u-btn-1\" data-animation-name=\"customAnimationIn\" data-animation-duration=\"1250\" data-animation-delay=\"500\" title=\"Prendre un rendez-vous\">Prendre rendez-vous <\/a>\n                      <\/div>\n                    <\/div>\n                  <\/div>\n                <\/div>\n              <\/div>\n            <\/div>\n          <\/div>\n        <\/div>\n      <\/div>\n    <\/section>\n    <section class=\"u-align-center u-clearfix u-container-align-center u-container-align-center-lg u-container-align-center-md u-container-align-center-sm u-container-align-center-xl u-section-4\" id=\"sec-4f2a\">\n      <div class=\"u-clearfix u-sheet u-valign-middle-lg u-valign-middle-sm u-valign-middle-xl u-sheet-1\">\n        <div class=\"data-layout-selected u-clearfix u-expanded-width u-gutter-30 u-layout-wrap u-layout-wrap-1\">\n          <div class=\"u-gutter-0 u-layout\">\n            <div class=\"u-layout-row\">\n              <div class=\"u-size-30 u-size-60-md\">\n                <div class=\"u-layout-col\">\n                  <div class=\"u-size-20\">\n                    <div class=\"u-layout-row\">\n                      <div class=\"u-align-left u-container-align-left u-container-style u-hidden-sm u-hidden-xs u-layout-cell u-left-cell u-size-30 u-layout-cell-1\">\n                        <div class=\"u-container-layout u-container-layout-1\">\n                          <h3 class=\"u-text u-text-default u-text-1\">Abela <\/h3>\n                          <a href=\"https:\/\/abela-candles.com\/index.php\/nous-contacter\/\" class=\"u-border-2 u-border-grey-75 u-btn u-button-style u-hover-custom-color-9 u-none u-btn-1\">Nous contacter<span style=\"font-size: 0.875rem;\"><\/span>\n                          <\/a>\n                        <\/div>\n                      <\/div>\n                      <div class=\"u-align-left u-container-align-left u-container-style u-image u-layout-cell u-size-30 u-image-1\" src=\"\" data-image-width=\"1280\" data-image-height=\"1920\" data-animation-name=\"customAnimationIn\" data-animation-duration=\"1500\" data-animation-delay=\"500\" style=\"background-image: url(&quot;https:\/\/abela-candles.com\/wp-content\/uploads\/2025\/06\/photo-1562663464-36b958487cd6-1.jpg&quot;);\">\n                        <div class=\"u-container-layout u-container-layout-2\" src=\"\"><\/div>\n                      <\/div>\n                    <\/div>\n                  <\/div>\n                  <div class=\"u-size-40\">\n                    <div class=\"u-layout-row\">\n                      <div class=\"u-align-left u-container-align-left u-container-style u-image u-layout-cell u-left-cell u-size-60 u-image-2\" src=\"\" data-image-width=\"1280\" data-image-height=\"1920\" data-animation-name=\"customAnimationIn\" data-animation-duration=\"1500\" data-animation-delay=\"0\" style=\"background-image: url(&quot;https:\/\/abela-candles.com\/wp-content\/uploads\/2025\/06\/photo-1562663474-6cbb3eaa4d14-1.jpg&quot;);\">\n                        <div class=\"u-container-layout u-container-layout-3\" src=\"\"><\/div>\n                      <\/div>\n                    <\/div>\n                  <\/div>\n                <\/div>\n              <\/div>\n              <div class=\"u-size-30 u-size-60-md\">\n                <div class=\"u-layout-col\">\n                  <div class=\"u-size-40\">\n                    <div class=\"u-layout-row\">\n                      <div class=\"u-align-left u-container-align-left u-container-style u-image u-layout-cell u-right-cell u-size-60 u-image-3\" src=\"\" data-animation-name=\"customAnimationIn\" data-animation-duration=\"1500\" data-animation-delay=\"250\" data-image-width=\"1024\" data-image-height=\"1536\" style=\"background-image: url(&quot;https:\/\/abela-candles.com\/wp-content\/uploads\/2025\/06\/IMG_2215-1.jpg&quot;);\">\n                        <div class=\"u-container-layout u-container-layout-4\" src=\"\"><\/div>\n                      <\/div>\n                    <\/div>\n                  <\/div>\n                  <div class=\"u-size-20\">\n                    <div class=\"u-layout-row\">\n                      <div class=\"u-align-left u-container-align-left u-container-style u-image u-layout-cell u-size-30 u-image-4\" src=\"\" data-image-width=\"403\" data-image-height=\"550\" data-animation-name=\"customAnimationIn\" data-animation-duration=\"1500\" data-animation-delay=\"500\" style=\"background-image: url(&quot;https:\/\/abela-candles.com\/wp-content\/uploads\/2025\/06\/df1343a9fbce3638913c13c91258ea99-36.jpg&quot;);\">\n                        <div class=\"u-container-layout u-container-layout-5\" src=\"\"><\/div>\n                      <\/div>\n                      <div class=\"u-align-left u-container-align-left u-container-align-left-lg u-container-align-left-xl u-container-style u-hidden-sm u-hidden-xs u-layout-cell u-right-cell u-size-30 u-layout-cell-6\">\n                        <div class=\"u-container-layout u-container-layout-6\">\n                          <h3 class=\"u-text u-text-default u-text-2\">Abela <\/h3>\n                          <a href=\"https:\/\/abela-candles.com\/index.php\/prendre-un-rendez-vous\/\" class=\"u-border-2 u-border-grey-75 u-btn u-button-style u-hover-custom-color-9 u-none u-btn-2\" title=\"Prendre un rendez-vous\">Prendre rendez vous<\/a>\n                        <\/div>\n                      <\/div>\n                    <\/div>\n                  <\/div>\n                <\/div>\n              <\/div>\n            <\/div>\n          <\/div>\n        <\/div>\n      <\/div>\n    <\/section>\n    <section class=\"u-clearfix u-container-align-center u-section-5\" id=\"sec-e5b4\">\n      <div class=\"u-clearfix u-sheet u-valign-middle u-sheet-1\">\n        <div class=\"data-layout-selected u-clearfix u-expanded-width u-layout-wrap u-layout-wrap-1\">\n          <div class=\"u-layout\">\n            <div class=\"u-layout-row\">\n              <div class=\"u-align-center-lg u-align-center-md u-align-center-xl u-container-align-center u-container-style u-custom-color-2 u-layout-cell u-left-cell u-size-30-lg u-size-30-xl u-size-60-md u-size-60-sm u-size-60-xs u-layout-cell-1\" src=\"\" data-animation-name=\"customAnimationIn\" data-animation-duration=\"1750\" data-animation-delay=\"0\">\n                <div class=\"u-container-layout u-valign-middle u-container-layout-1\">\n                  <img decoding=\"async\" class=\"u-border-7 u-border-white u-expanded-width-sm u-expanded-width-xs u-image u-image-1\" src=\"https:\/\/abela-candles.com\/wp-content\/uploads\/2025\/06\/PHOTO-2024-11-25-21-09-01-1.jpeg\" data-animation-name=\"customAnimationIn\" data-animation-duration=\"1500\" data-animation-delay=\"500\" data-image-width=\"1152\" data-image-height=\"2048\">\n                <\/div>\n              <\/div>\n              <div class=\"u-align-left u-container-align-left u-container-style u-layout-cell u-right-cell u-size-30-lg u-size-30-xl u-size-60-md u-size-60-sm u-size-60-xs u-layout-cell-2\" data-animation-name=\"customAnimationIn\" data-animation-duration=\"1500\" data-animation-delay=\"500\">\n                <div class=\"u-container-layout u-valign-middle u-container-layout-2\">\n                  <h4 class=\"u-align-center-md u-align-center-sm u-align-center-xs u-align-left-lg u-align-left-xl u-text u-text-1\"> Collection <\/h4>\n                  <h2 class=\"u-align-center-md u-align-center-sm u-align-center-xs u-align-left-lg u-align-left-xl u-text u-text-2\"> H\u00c9RITAGE OUEST-AFRICAIN <\/h2>\n                  <p class=\"u-align-center-md u-align-center-sm u-align-center-xs u-align-left-lg u-align-left-xl u-text u-text-3\"> Plongez dans l\u2019univers de\nnotre collection capsule\nactuelle et laissez-vous\ns\u00e9duire par des cr\u00e9ations\nuniques, disponibles pour\nune dur\u00e9e limit\u00e9e <\/p>\n                  <a href=\"https:\/\/abela-candles.com\/index.php\/produit\/\" class=\"u-active-custom-color-4 u-align-center-md u-align-center-sm u-align-center-xs u-align-left-lg u-align-left-xl u-border-1 u-border-active-black u-border-black u-border-hover-black u-btn u-button-style u-hover-custom-color-9 u-none u-btn-1\" data-animation-name=\"customAnimationIn\" data-animation-duration=\"1250\" data-animation-delay=\"500\">Voir notre boutique <\/a>\n                <\/div>\n              <\/div>\n            <\/div>\n          <\/div>\n        <\/div>\n      <\/div>\n    <\/section>\n    \n    \n    \n    \n    \n    \n  \n","protected":false},"excerpt":{"rendered":"<p>La galerie Images Inspirantes de nos r\u00e9alisations. Prendre rendez-vous Abela Nous contacter Abela Prendre rendez vous Collection H\u00c9RITAGE OUEST-AFRICAIN Plongez dans l\u2019univers de notre collection capsule actuelle et laissez-vous s\u00e9duire par des cr\u00e9ations uniques, disponibles pour une dur\u00e9e limit\u00e9e Voir notre boutique<\/p>\n","protected":false},"author":1,"featured_media":0,"parent":0,"menu_order":4,"comment_status":"closed","ping_status":"closed","template":"","meta":{"footnotes":""},"class_list":["post-123","page","type-page","status-publish","hentry"],"_links":{"self":[{"href":"https:\/\/abela-candles.com\/index.php\/wp-json\/wp\/v2\/pages\/123","targetHints":{"allow":["GET"]}}],"collection":[{"href":"https:\/\/abela-candles.com\/index.php\/wp-json\/wp\/v2\/pages"}],"about":[{"href":"https:\/\/abela-candles.com\/index.php\/wp-json\/wp\/v2\/types\/page"}],"author":[{"embeddable":true,"href":"https:\/\/abela-candles.com\/index.php\/wp-json\/wp\/v2\/users\/1"}],"replies":[{"embeddable":true,"href":"https:\/\/abela-candles.com\/index.php\/wp-json\/wp\/v2\/comments?post=123"}],"version-history":[{"count":4,"href":"https:\/\/abela-candles.com\/index.php\/wp-json\/wp\/v2\/pages\/123\/revisions"}],"predecessor-version":[{"id":187,"href":"https:\/\/abela-candles.com\/index.php\/wp-json\/wp\/v2\/pages\/123\/revisions\/187"}],"wp:attachment":[{"href":"https:\/\/abela-candles.com\/index.php\/wp-json\/wp\/v2\/media?parent=123"}],"curies":[{"name":"wp","href":"https:\/\/api.w.org\/{rel}","templated":true}]}}