{"id":124,"date":"2025-06-04T16:46:52","date_gmt":"2025-06-04T14:46:52","guid":{"rendered":"https:\/\/abela-candles.com\/index.php\/produit\/"},"modified":"2025-11-16T01:29:29","modified_gmt":"2025-11-16T00:29:29","slug":"produit","status":"publish","type":"page","link":"https:\/\/abela-candles.com\/index.php\/produit\/","title":{"rendered":"Boutique"},"content":{"rendered":"\n    \n    <section class=\"u-clearfix u-section-2\" id=\"sec-1c60\">\n      <div class=\"u-clearfix u-sheet u-sheet-1\">\n        <div class=\"u-container-style u-expanded-width-xs u-group u-image u-image-1\" data-image-width=\"1440\" data-image-height=\"1920\" style=\"background-image: url(&quot;https:\/\/abela-candles.com\/wp-content\/uploads\/2025\/06\/IMG_9434-1.jpeg&quot;);\">\n          <div class=\"u-container-layout u-container-layout-1\">\n            <div class=\"u-align-center u-container-align-center u-container-style u-group u-white u-group-2\">\n              <div class=\"u-container-layout u-valign-middle u-container-layout-2\">\n                <h1 class=\"u-custom-font u-text u-title u-text-1\">#Abela<\/h1>\n              <\/div>\n            <\/div>\n          <\/div>\n        <\/div><!--products_options_json--><!--{\"type\":\"Recent\",\"source\":\"\",\"tags\":\"\",\"count\":\"25\"}--><!--\/products_options_json-->\n        <div class=\"u-expanded-width-xs u-products u-cms u-show-second-image u-products-1\" data-site-sorting-prop=\"created\" data-site-sorting-order=\"desc\" data-site-category=\"\" data-items-per-page=\"8\" data-products-id=\"1\" data-products-datasource=\"site\" data-max-items=\"25\" data-payment-service=\"bb609c86a85a4f08effabeaffedcc3a0\">\n          <div class=\"u-list-control\"><\/div>\n          <div class=\"u-repeater u-repeater-1\">\n            <div class=\"u-align-center u-container-align-center u-container-style u-products-item u-repeater-item\" data-product-id=\"7\">\n              <div class=\"u-container-layout u-similar-container u-valign-top-lg u-valign-top-md u-valign-top-sm u-container-layout-3\">\n                <img decoding=\"async\" class=\"u-image u-image-contain u-product-control u-image-2\" src=\"http:\/\/abela-candles.com\/wp-content\/uploads\/2025\/06\/IMG_2414.jpeg\" style=\"cursor:pointer;\" data-product-control=\"https:\/\/abela-candles.com\/?productId=7\" data-image-width=\"1133\" data-image-height=\"1700\">\n                <img decoding=\"async\" class=\"u-product-second-image\" src=\"\" style=\"cursor:pointer;\" data-product-control=\"https:\/\/abela-candles.com\/?productId=7\" style=\"cursor:pointer;\" data-product-control=\"https:\/\/abela-candles.com\/?productId=7\" data-image-width=\"1133\" data-image-height=\"1700\">\n                <div class=\"u-product-control u-product-price u-product-price-1\" data-add-zero-cents=\"true\">\n                  <div class=\"u-price-wrapper u-spacing-10\">\n                    <div class=\"u-old-price\" style=\"text-decoration: line-through !important;\">  <\/div>\n                    <div class=\"u-price u-text-custom-color-12\" style=\"font-size: 1.25rem;\"> \u20ac0.00 <\/div>\n                  <\/div>\n                <\/div>\n                <h4 class=\"u-product-control u-text u-text-2\">\n                  <a class=\"u-product-title-link\" href=\"https:\/\/abela-candles.com\/?productId=7\">Retrait gratuit \u00e0 Paris<\/a>\n                <\/h4>\n                <div class=\"u-product-control u-product-desc u-text u-text-grey-80 u-text-3\">Pour r\u00e9cup\u00e9rer votre commande \u00e0 Paris.\nVous serez recontact\u00e9 pour convenir d'un lieu de rendez-vous.<\/div>\n                <a data-product=\"{&quot;id&quot;:&quot;7&quot;,&quot;name&quot;:&quot;retrait-gratuit---paris&quot;,&quot;title&quot;:&quot;Retrait gratuit \\u00e0 Paris&quot;,&quot;description&quot;:&quot;Pour r\\u00e9cup\\u00e9rer votre commande \\u00e0 Paris.\\nVous serez recontact\\u00e9 pour convenir d&#039;un lieu de rendez-vous.&quot;,&quot;fullDescription&quot;:&quot;&quot;,&quot;price&quot;:&quot;0&quot;,&quot;oldPrice&quot;:&quot;&quot;,&quot;quantity&quot;:1,&quot;currency&quot;:&quot;EUR&quot;,&quot;sku&quot;:&quot;&quot;,&quot;outOfStock&quot;:false,&quot;isFeatured&quot;:false,&quot;categories&quot;:[],&quot;variations&quot;:[],&quot;variationValues&quot;:[],&quot;images&quot;:[{&quot;url&quot;:&quot;http:\\\/\\\/abela-candles.com\\\/wp-content\\\/uploads\\\/2025\\\/06\\\/IMG_2414.jpeg&quot;}],&quot;created&quot;:1749284416877,&quot;updated&quot;:1749284416877,&quot;isDefault&quot;:false,&quot;fullPrice&quot;:&quot;\\u20ac0.00&quot;,&quot;fullPriceOld&quot;:&quot;&quot;,&quot;categoriesData&quot;:[],&quot;link&quot;:&quot;https:\\\/\\\/abela-candles.com\\\/?productId=7&quot;}\" href=\"#\" class=\"u-add-to-cart-link u-btn u-button-style u-product-control u-btn-1 u-add-to-cart-link\" data-product-button-click-type=\"add-to-cart\" data-product-id=\"7\" data-payment-service=\"{&quot;id&quot;:&quot;bb609c86a85a4f08effabeaffedcc3a0&quot;,&quot;formServices&quot;:[&quot;d6fbf82a-5331-72c6-5746-9b8e0e074726&quot;],&quot;paymentMethods&quot;:[{&quot;id&quot;:&quot;0bd51f1c2733eb5220202b45fb49b9f2&quot;,&quot;clientId&quot;:&quot;AVBQ-WmMSkHE8cxDqpTEKMiJk1FvFiVaozF8fr9Hwj8CWBwRsFc8pOcDcS0Ruu245yS9kSaaReRP7x3O&quot;,&quot;type&quot;:&quot;paypal&quot;,&quot;disableFunding&quot;:&quot;,card,paylater,bancontact,blik,eps,giropay,ideal,mercadopago,mybank,p24,sepa,sofort,venmo&quot;},{&quot;id&quot;:&quot;776586a0def39074c21a018bb89e59d9&quot;,&quot;clientId&quot;:&quot;email-id&quot;,&quot;type&quot;:&quot;email&quot;},{&quot;id&quot;:&quot;1ca073e80eda184e42ce6f875c1f052f&quot;,&quot;clientId&quot;:&quot;acct_1IeoUWC9kAc47dp3&quot;,&quot;type&quot;:&quot;stripe&quot;}],&quot;userToken&quot;:&quot;139f12ef-673f-4646-8aae-9ee7c507d79b&quot;}\"><!--product_button_content-->Ajouter au panier<!--\/product_button_content--><\/a>\n              <\/div>\n            <\/div>\n            <div class=\"u-align-center u-container-align-center u-container-style u-products-item u-repeater-item\" data-product-id=\"1\">\n              <div class=\"u-container-layout u-similar-container u-valign-top-lg u-valign-top-md u-valign-top-sm u-container-layout-4\">\n                <img decoding=\"async\" class=\"u-image u-image-contain u-product-control u-image-3\" src=\"https:\/\/assets.nicepagecdn.com\/056b2072\/6488707\/images\/IMG_1846.jpeg\" style=\"cursor:pointer;\" data-product-control=\"https:\/\/abela-candles.com\/?productId=1\" data-image-width=\"1133\" data-image-height=\"1700\">\n                <img decoding=\"async\" class=\"u-product-second-image\" src=\"\" style=\"cursor:pointer;\" data-product-control=\"https:\/\/abela-candles.com\/?productId=1\" style=\"cursor:pointer;\" data-product-control=\"https:\/\/abela-candles.com\/?productId=1\" data-image-width=\"1133\" data-image-height=\"1700\">\n                <div class=\"u-product-control u-product-price u-product-price-2\" data-add-zero-cents=\"true\">\n                  <div class=\"u-price-wrapper u-spacing-10\">\n                    <div class=\"u-old-price\" style=\"text-decoration: line-through !important;\">  <\/div>\n                    <div class=\"u-price u-text-custom-color-12\" style=\"font-size: 1.25rem;\"> \u20ac6.90 <\/div>\n                  <\/div>\n                <\/div>\n                <h4 class=\"u-product-control u-text u-text-4\">\n                  <a class=\"u-product-title-link\" href=\"https:\/\/abela-candles.com\/?productId=1\">Livraison \u00e0 domicile ( COLISSIMO )<\/a>\n                <\/h4>\n                <div class=\"u-product-control u-product-desc u-text u-text-grey-80 u-text-5\">Merci de rajouter le service \u00e0 votre panier <\/div>\n                <a data-product=\"{&quot;id&quot;:&quot;1&quot;,&quot;name&quot;:&quot;livraison---domicile---colissimo--&quot;,&quot;title&quot;:&quot;Livraison \\u00e0 domicile ( COLISSIMO )&quot;,&quot;description&quot;:&quot;Merci de rajouter le service \\u00e0 votre panier &quot;,&quot;fullDescription&quot;:&quot;&quot;,&quot;price&quot;:&quot;6.9&quot;,&quot;oldPrice&quot;:&quot;&quot;,&quot;quantity&quot;:1,&quot;currency&quot;:&quot;EUR&quot;,&quot;sku&quot;:&quot;&quot;,&quot;outOfStock&quot;:false,&quot;isFeatured&quot;:false,&quot;categories&quot;:[],&quot;images&quot;:[{&quot;url&quot;:&quot;https:\\\/\\\/assets.nicepagecdn.com\\\/056b2072\\\/6488707\\\/images\\\/IMG_1846.jpeg&quot;}],&quot;created&quot;:1747853484340,&quot;updated&quot;:1749283990109,&quot;isDefault&quot;:false,&quot;variationValues&quot;:[],&quot;fullPrice&quot;:&quot;\\u20ac6.90&quot;,&quot;fullPriceOld&quot;:&quot;&quot;,&quot;categoriesData&quot;:[],&quot;link&quot;:&quot;https:\\\/\\\/abela-candles.com\\\/?productId=1&quot;}\" href=\"#\" class=\"u-add-to-cart-link u-btn u-button-style u-product-control u-btn-2 u-add-to-cart-link\" data-product-button-click-type=\"add-to-cart\" data-product-id=\"1\" data-payment-service=\"{&quot;id&quot;:&quot;bb609c86a85a4f08effabeaffedcc3a0&quot;,&quot;formServices&quot;:[&quot;d6fbf82a-5331-72c6-5746-9b8e0e074726&quot;],&quot;paymentMethods&quot;:[{&quot;id&quot;:&quot;0bd51f1c2733eb5220202b45fb49b9f2&quot;,&quot;clientId&quot;:&quot;AVBQ-WmMSkHE8cxDqpTEKMiJk1FvFiVaozF8fr9Hwj8CWBwRsFc8pOcDcS0Ruu245yS9kSaaReRP7x3O&quot;,&quot;type&quot;:&quot;paypal&quot;,&quot;disableFunding&quot;:&quot;,card,paylater,bancontact,blik,eps,giropay,ideal,mercadopago,mybank,p24,sepa,sofort,venmo&quot;},{&quot;id&quot;:&quot;776586a0def39074c21a018bb89e59d9&quot;,&quot;clientId&quot;:&quot;email-id&quot;,&quot;type&quot;:&quot;email&quot;},{&quot;id&quot;:&quot;1ca073e80eda184e42ce6f875c1f052f&quot;,&quot;clientId&quot;:&quot;acct_1IeoUWC9kAc47dp3&quot;,&quot;type&quot;:&quot;stripe&quot;}],&quot;userToken&quot;:&quot;139f12ef-673f-4646-8aae-9ee7c507d79b&quot;}\"><!--product_button_content-->Ajouter au panier<!--\/product_button_content--><\/a>\n              <\/div>\n            <\/div>\n            <div class=\"u-align-center u-container-align-center u-container-style u-products-item u-repeater-item\" data-product-id=\"6\">\n              <div class=\"u-container-layout u-similar-container u-valign-top-lg u-valign-top-md u-valign-top-sm u-container-layout-5\">\n                <img decoding=\"async\" class=\"u-image u-image-contain u-product-control u-image-4\" src=\"https:\/\/abela-candles.com\/wp-content\/uploads\/2025\/06\/1100849.jpg\" style=\"cursor:pointer;\" data-product-control=\"https:\/\/abela-candles.com\/?productId=6\" data-image-width=\"1900\" data-image-height=\"2532\">\n                <img decoding=\"async\" class=\"u-product-second-image\" src=\"https:\/\/abela-candles.com\/wp-content\/uploads\/2025\/06\/1100818.jpg\" style=\"cursor:pointer;\" data-product-control=\"https:\/\/abela-candles.com\/?productId=6\" style=\"cursor:pointer;\" data-product-control=\"https:\/\/abela-candles.com\/?productId=6\" data-image-width=\"1900\" data-image-height=\"2532\">\n                <div class=\"u-product-control u-product-price u-product-price-3\" data-add-zero-cents=\"true\">\n                  <div class=\"u-price-wrapper u-spacing-10\">\n                    <div class=\"u-old-price\" style=\"text-decoration: line-through !important;\"> \u20ac34.99 <\/div>\n                    <div class=\"u-price u-text-custom-color-12\" style=\"font-size: 1.25rem;\"> \u20ac29.74 <\/div>\n                  <\/div>\n                <\/div>\n                <h4 class=\"u-product-control u-text u-text-6\">\n                  <a class=\"u-product-title-link\" href=\"https:\/\/abela-candles.com\/?productId=6\">OUT OF STOCK - Capsule 1<\/a>\n                <\/h4>\n                <div class=\"u-product-control u-product-desc u-text u-text-grey-80 u-text-7\">Plongez dans un voyage sensoriel \u00e0 travers l\u2019Afrique de l\u2019Ouest avec notre coffret en \u00e9dition\nlimit\u00e9e.<\/div>\n                <a data-product=\"{&quot;id&quot;:&quot;6&quot;,&quot;name&quot;:&quot;out-of-stock---capsule-1&quot;,&quot;title&quot;:&quot;OUT OF STOCK - Capsule 1&quot;,&quot;description&quot;:&quot;Plongez dans un voyage sensoriel \\u00e0 travers l\\u2019Afrique de l\\u2019Ouest avec notre coffret en \\u00e9dition\\nlimit\\u00e9e.&quot;,&quot;fullDescription&quot;:&quot;Plongez dans un voyage sensoriel \\u00e0 travers l\\u2019Afrique de l\\u2019Ouest avec notre coffret en \\u00e9dition&lt;br\\\/&gt;limit\\u00e9e, compos\\u00e9 de deux bougies v\\u00e9g\\u00e9tales soigneusement con\\u00e7ues pour \\u00e9voquer les&lt;br\\\/&gt;souvenirs, les senteurs et l\\u2019\\u00e2me de cette terre chaleureuse et vibrante.&lt;br\\\/&gt;Ce coffret contient :&lt;br\\\/&gt;\\u25cf 2 bougies parfum\\u00e9es (200 ml chacune)&lt;br\\\/&gt;\\u25cf 1 e-livret bien-\\u00eatre : senteurs , conseils d\\u2019utilisation et ambiances \\u00e0 cr\\u00e9er&lt;br\\\/&gt;\\u25cf 1 bo\\u00eete d\\u2019allumettes&quot;,&quot;price&quot;:&quot;29.74&quot;,&quot;oldPrice&quot;:&quot;34.99&quot;,&quot;quantity&quot;:1,&quot;currency&quot;:&quot;EUR&quot;,&quot;sku&quot;:&quot;&quot;,&quot;outOfStock&quot;:true,&quot;isFeatured&quot;:false,&quot;categories&quot;:[&quot;1&quot;],&quot;images&quot;:[{&quot;url&quot;:&quot;https:\\\/\\\/abela-candles.com\\\/wp-content\\\/uploads\\\/2025\\\/06\\\/1100849.jpg&quot;},{&quot;url&quot;:&quot;https:\\\/\\\/abela-candles.com\\\/wp-content\\\/uploads\\\/2025\\\/06\\\/1100818.jpg&quot;}],&quot;created&quot;:1747850603139,&quot;updated&quot;:1769349371743,&quot;isDefault&quot;:false,&quot;variationValues&quot;:[],&quot;fullPrice&quot;:&quot;\\u20ac29.74&quot;,&quot;fullPriceOld&quot;:&quot;\\u20ac34.99&quot;,&quot;categoriesData&quot;:[{&quot;title&quot;:&quot;Bougies et coffrets&quot;,&quot;link&quot;:&quot;https:\\\/\\\/abela-candles.com\\\/?productsList#\\\/1\\\/\\\/\\\/1&quot;}],&quot;link&quot;:&quot;https:\\\/\\\/abela-candles.com\\\/?productId=6&quot;}\" href=\"#\" class=\"u-add-to-cart-link u-btn u-button-style u-product-control u-btn-3 u-add-to-cart-link\" data-product-button-click-type=\"add-to-cart\" data-product-id=\"6\" data-payment-service=\"{&quot;id&quot;:&quot;bb609c86a85a4f08effabeaffedcc3a0&quot;,&quot;formServices&quot;:[&quot;d6fbf82a-5331-72c6-5746-9b8e0e074726&quot;],&quot;paymentMethods&quot;:[{&quot;id&quot;:&quot;0bd51f1c2733eb5220202b45fb49b9f2&quot;,&quot;clientId&quot;:&quot;AVBQ-WmMSkHE8cxDqpTEKMiJk1FvFiVaozF8fr9Hwj8CWBwRsFc8pOcDcS0Ruu245yS9kSaaReRP7x3O&quot;,&quot;type&quot;:&quot;paypal&quot;,&quot;disableFunding&quot;:&quot;,card,paylater,bancontact,blik,eps,giropay,ideal,mercadopago,mybank,p24,sepa,sofort,venmo&quot;},{&quot;id&quot;:&quot;776586a0def39074c21a018bb89e59d9&quot;,&quot;clientId&quot;:&quot;email-id&quot;,&quot;type&quot;:&quot;email&quot;},{&quot;id&quot;:&quot;1ca073e80eda184e42ce6f875c1f052f&quot;,&quot;clientId&quot;:&quot;acct_1IeoUWC9kAc47dp3&quot;,&quot;type&quot;:&quot;stripe&quot;}],&quot;userToken&quot;:&quot;139f12ef-673f-4646-8aae-9ee7c507d79b&quot;}\"><!--product_button_content-->Ajouter au panier<!--\/product_button_content--><\/a>\n              <\/div>\n            <\/div>\n            <div class=\"u-align-center u-container-align-center u-container-style u-products-item u-repeater-item\" data-product-id=\"5\">\n              <div class=\"u-container-layout u-similar-container u-valign-top-lg u-valign-top-md u-valign-top-sm u-container-layout-6\">\n                <img decoding=\"async\" class=\"u-image u-image-contain u-product-control u-image-5\" src=\"https:\/\/assets.nicepagecdn.com\/056b2072\/6488707\/images\/1100882.jpeg\" style=\"cursor:pointer;\" data-product-control=\"https:\/\/abela-candles.com\/?productId=3\" data-image-width=\"1900\" data-image-height=\"2532\">\n                <img decoding=\"async\" class=\"u-product-second-image\" src=\"\" style=\"cursor:pointer;\" data-product-control=\"https:\/\/abela-candles.com\/?productId=3\" style=\"cursor:pointer;\" data-product-control=\"https:\/\/abela-candles.com\/?productId=3\" data-image-width=\"1900\" data-image-height=\"2532\">\n                <div class=\"u-product-control u-product-price u-product-price-4\" data-add-zero-cents=\"true\">\n                  <div class=\"u-price-wrapper u-spacing-10\">\n                    <div class=\"u-old-price\" style=\"text-decoration: line-through !important;\"> \u20ac5.99 <\/div>\n                    <div class=\"u-price u-text-custom-color-12\" style=\"font-size: 1.25rem;\"> \u20ac5.00 <\/div>\n                  <\/div>\n                <\/div>\n                <h4 class=\"u-product-control u-text u-text-8\">\n                  <a class=\"u-product-title-link\" href=\"https:\/\/abela-candles.com\/?productId=3\">Extincteur de m\u00e8che (Wick Dipper)<\/a>\n                <\/h4>\n                <div class=\"u-product-control u-product-desc u-text u-text-grey-80 u-text-9\">L\u2019accessoire indispensable pour \u00e9teindre votre bougie sans fum\u00e9e ni odeur.<\/div>\n                <a data-product=\"{&quot;id&quot;:&quot;3&quot;,&quot;name&quot;:&quot;extincteur-de-m-che--wick-dipper-&quot;,&quot;title&quot;:&quot;Extincteur de m\\u00e8che (Wick Dipper)&quot;,&quot;description&quot;:&quot;L\\u2019accessoire indispensable pour \\u00e9teindre votre bougie sans fum\\u00e9e ni odeur.&quot;,&quot;fullDescription&quot;:&quot;En plongeant d\\u00e9licatement la m\\u00e8che dans la cire fondue, cet outil prolonge la dur\\u00e9e de vie de la bougie&lt;br\\\/&gt;tout en pr\\u00e9servant l\\u2019atmosph\\u00e8re parfum\\u00e9e. Un geste propre, simple et raffin\\u00e9 pour entretenir&lt;br\\\/&gt;votre moment de d\\u00e9tente.&quot;,&quot;price&quot;:&quot;5&quot;,&quot;oldPrice&quot;:&quot;5.99&quot;,&quot;quantity&quot;:1,&quot;currency&quot;:&quot;EUR&quot;,&quot;sku&quot;:&quot;&quot;,&quot;outOfStock&quot;:false,&quot;isFeatured&quot;:false,&quot;categories&quot;:[&quot;2&quot;],&quot;images&quot;:[{&quot;url&quot;:&quot;https:\\\/\\\/assets.nicepagecdn.com\\\/056b2072\\\/6488707\\\/images\\\/1100882.jpeg&quot;}],&quot;created&quot;:1747841501387,&quot;updated&quot;:1760115695427,&quot;isDefault&quot;:false,&quot;variationValues&quot;:[],&quot;fullPrice&quot;:&quot;\\u20ac5.00&quot;,&quot;fullPriceOld&quot;:&quot;\\u20ac5.99&quot;,&quot;categoriesData&quot;:[{&quot;title&quot;:&quot;Accessoires bougies&quot;,&quot;link&quot;:&quot;https:\\\/\\\/abela-candles.com\\\/?productsList#\\\/1\\\/\\\/\\\/2&quot;}],&quot;link&quot;:&quot;https:\\\/\\\/abela-candles.com\\\/?productId=3&quot;}\" href=\"#\" class=\"u-add-to-cart-link u-btn u-button-style u-product-control u-btn-4 u-add-to-cart-link\" data-product-button-click-type=\"add-to-cart\" data-product-id=\"3\" data-payment-service=\"{&quot;id&quot;:&quot;bb609c86a85a4f08effabeaffedcc3a0&quot;,&quot;formServices&quot;:[&quot;d6fbf82a-5331-72c6-5746-9b8e0e074726&quot;],&quot;paymentMethods&quot;:[{&quot;id&quot;:&quot;0bd51f1c2733eb5220202b45fb49b9f2&quot;,&quot;clientId&quot;:&quot;AVBQ-WmMSkHE8cxDqpTEKMiJk1FvFiVaozF8fr9Hwj8CWBwRsFc8pOcDcS0Ruu245yS9kSaaReRP7x3O&quot;,&quot;type&quot;:&quot;paypal&quot;,&quot;disableFunding&quot;:&quot;,card,paylater,bancontact,blik,eps,giropay,ideal,mercadopago,mybank,p24,sepa,sofort,venmo&quot;},{&quot;id&quot;:&quot;776586a0def39074c21a018bb89e59d9&quot;,&quot;clientId&quot;:&quot;email-id&quot;,&quot;type&quot;:&quot;email&quot;},{&quot;id&quot;:&quot;1ca073e80eda184e42ce6f875c1f052f&quot;,&quot;clientId&quot;:&quot;acct_1IeoUWC9kAc47dp3&quot;,&quot;type&quot;:&quot;stripe&quot;}],&quot;userToken&quot;:&quot;139f12ef-673f-4646-8aae-9ee7c507d79b&quot;}\"><!--product_button_content-->Ajouter au panier<!--\/product_button_content--><\/a>\n              <\/div>\n            <\/div>\n          <\/div>\n          <div class=\"u-list-control\"><\/div>\n        <\/div>\n      <\/div>\n    <\/section>\n    \n    \n    \n    \n    \n    \n  \n","protected":false},"excerpt":{"rendered":"<p>#Abela \u20ac0.00 Retrait gratuit \u00e0 Paris Pour r\u00e9cup\u00e9rer votre commande \u00e0 Paris. Vous serez recontact\u00e9 pour convenir d&rsquo;un lieu de rendez-vous. Ajouter au panier \u20ac6.90 Livraison \u00e0 domicile ( COLISSIMO ) Merci de rajouter le service \u00e0 votre panier Ajouter au panier \u20ac34.99 \u20ac29.74 OUT OF STOCK &#8211; Capsule 1 Plongez dans un voyage sensoriel &hellip; <a href=\"https:\/\/abela-candles.com\/index.php\/produit\/\" class=\"more-link\">Continue reading<span class=\"screen-reader-text\"> \u00ab\u00a0Boutique\u00a0\u00bb<\/span><\/a><\/p>\n","protected":false},"author":1,"featured_media":0,"parent":0,"menu_order":5,"comment_status":"closed","ping_status":"closed","template":"","meta":{"footnotes":""},"class_list":["post-124","page","type-page","status-publish","hentry"],"_links":{"self":[{"href":"https:\/\/abela-candles.com\/index.php\/wp-json\/wp\/v2\/pages\/124","targetHints":{"allow":["GET"]}}],"collection":[{"href":"https:\/\/abela-candles.com\/index.php\/wp-json\/wp\/v2\/pages"}],"about":[{"href":"https:\/\/abela-candles.com\/index.php\/wp-json\/wp\/v2\/types\/page"}],"author":[{"embeddable":true,"href":"https:\/\/abela-candles.com\/index.php\/wp-json\/wp\/v2\/users\/1"}],"replies":[{"embeddable":true,"href":"https:\/\/abela-candles.com\/index.php\/wp-json\/wp\/v2\/comments?post=124"}],"version-history":[{"count":5,"href":"https:\/\/abela-candles.com\/index.php\/wp-json\/wp\/v2\/pages\/124\/revisions"}],"predecessor-version":[{"id":201,"href":"https:\/\/abela-candles.com\/index.php\/wp-json\/wp\/v2\/pages\/124\/revisions\/201"}],"wp:attachment":[{"href":"https:\/\/abela-candles.com\/index.php\/wp-json\/wp\/v2\/media?parent=124"}],"curies":[{"name":"wp","href":"https:\/\/api.w.org\/{rel}","templated":true}]}}